{"id":987,"date":"2018-11-28T23:15:32","date_gmt":"2018-11-28T23:15:32","guid":{"rendered":"https:\/\/desideriosolano.com\/?page_id=987"},"modified":"2018-11-30T13:33:42","modified_gmt":"2018-11-30T13:33:42","slug":"legal-warning","status":"publish","type":"page","link":"https:\/\/desideriosolano.com\/en\/legal-warning\/","title":{"rendered":"Legal warning"},"content":{"rendered":"\t\t<div data-elementor-type=\"wp-post\" data-elementor-id=\"987\" class=\"elementor elementor-987 elementor-bc-flex-widget\" data-elementor-post-type=\"page\">\n\t\t\t\t\t\t<section class=\"elementor-section elementor-top-section elementor-element elementor-element-d4a03e9 elementor-section-boxed elementor-section-height-default elementor-section-height-default\" data-id=\"d4a03e9\" data-element_type=\"section\" data-e-type=\"section\">\n\t\t\t\t\t\t<div class=\"elementor-container elementor-column-gap-default\">\n\t\t\t\t\t<div class=\"elementor-column elementor-col-100 elementor-top-column elementor-element elementor-element-3b50832\" data-id=\"3b50832\" data-element_type=\"column\" data-e-type=\"column\">\n\t\t\t<div class=\"elementor-widget-wrap elementor-element-populated\">\n\t\t\t\t\t\t<div class=\"elementor-element elementor-element-cb777a3 elementor-widget elementor-widget-heading\" data-id=\"cb777a3\" data-element_type=\"widget\" data-e-type=\"widget\" data-widget_type=\"heading.default\">\n\t\t\t\t<div class=\"elementor-widget-container\">\n\t\t\t\t\t<h2 class=\"elementor-heading-title elementor-size-default\">Legal warning<\/h2>\t\t\t\t<\/div>\n\t\t\t\t<\/div>\n\t\t\t\t<div class=\"elementor-element elementor-element-157926f elementor-widget-divider--view-line elementor-widget elementor-widget-divider\" data-id=\"157926f\" data-element_type=\"widget\" data-e-type=\"widget\" data-widget_type=\"divider.default\">\n\t\t\t\t<div class=\"elementor-widget-container\">\n\t\t\t\t\t\t\t<div class=\"elementor-divider\">\n\t\t\t<span class=\"elementor-divider-separator\">\n\t\t\t\t\t\t<\/span>\n\t\t<\/div>\n\t\t\t\t\t\t<\/div>\n\t\t\t\t<\/div>\n\t\t\t\t\t<\/div>\n\t\t<\/div>\n\t\t\t\t\t<\/div>\n\t\t<\/section>\n\t\t\t\t<section class=\"elementor-section elementor-top-section elementor-element elementor-element-21b31cfa elementor-section-boxed elementor-section-height-default elementor-section-height-default\" data-id=\"21b31cfa\" data-element_type=\"section\" data-e-type=\"section\">\n\t\t\t\t\t\t<div class=\"elementor-container elementor-column-gap-default\">\n\t\t\t\t\t<div class=\"elementor-column elementor-col-100 elementor-top-column elementor-element elementor-element-cc1768a\" data-id=\"cc1768a\" data-element_type=\"column\" data-e-type=\"column\">\n\t\t\t<div class=\"elementor-widget-wrap elementor-element-populated\">\n\t\t\t\t\t\t<div class=\"elementor-element elementor-element-80ab07 elementor-widget elementor-widget-text-editor\" data-id=\"80ab07\" data-element_type=\"widget\" data-e-type=\"widget\" data-widget_type=\"text-editor.default\">\n\t\t\t\t<div class=\"elementor-widget-container\">\n\t\t\t\t\t\t\t\t\t<div id=\"content-wrap\" class=\"container clr\"><div id=\"primary\" class=\"content-area clr\"><div id=\"content\" class=\"site-content clr\"><article class=\"single-page-article clr\"><div class=\"entry clr\"><div class=\"elementor elementor-987\"><div class=\"elementor-inner\"><div class=\"elementor-section-wrap\"><section class=\"elementor-element elementor-element-21b31cfa elementor-section-boxed elementor-section-height-default elementor-section-height-default elementor-section elementor-top-section\" data-id=\"21b31cfa\" data-element_type=\"section\"><div class=\"elementor-container elementor-column-gap-default\"><div class=\"elementor-row\"><div class=\"elementor-element elementor-element-cc1768a elementor-column elementor-col-100 elementor-top-column\" data-id=\"cc1768a\" data-element_type=\"column\"><div class=\"elementor-column-wrap elementor-element-populated\"><div class=\"elementor-widget-wrap\"><div class=\"elementor-element elementor-element-80ab07 elementor-widget elementor-widget-text-editor\" data-id=\"80ab07\" data-element_type=\"text-editor.default\"><div class=\"elementor-widget-container\"><div class=\"elementor-text-editor elementor-clearfix\"><p><span class=\"notranslate\">If you have come this far, it is because you are interested in knowing who is behind this web.<\/span>\u00a0<span class=\"notranslate\">I can guarantee that you are in a 100% safe space, complying with the duty of information included in article 10 of Law 34\/2002, of July 11, on Services of the Information Society and Electronic Commerce.<\/span><\/p><h2><span class=\"notranslate\">IDENTIFICATION DATA<\/span><\/h2><p><span class=\"notranslate\">In this section you will find all the information about me, as required by the current Law on the Information Society and Electronic Commerce.<\/span><\/p><ul><li><span class=\"notranslate\">My identity is: DESIDERIO SOLANO SIN<\/span><\/li><li><span class=\"notranslate\">My Tax Identification Number: 18036726B<\/span><\/li><li><span class=\"notranslate\">My registered office is at Avenida de la Estaci\u00f3n, 11 22300 Barbastro (Huesca)<\/span><\/li><li><span class=\"notranslate\">My email: talleressolano@gmail.com<\/span><\/li><li><span class=\"notranslate\">This website is hosted at Axarnet Comunicaciones SL which is located in Spain<\/span><\/li><\/ul><h2><span class=\"notranslate\">THE OBJECTIVE AND PURPOSES OF THIS WEB<\/span><\/h2><p><span class=\"notranslate\">The purpose of this website is to offer you a place where you can find out about my work, read my contents and access all the services I offer.<\/span>\u00a0<span class=\"notranslate\">The services provided are the following:<\/span><\/p><ul><li><span class=\"notranslate\">Offer services related to Facebook and Instagram Ads, social networks and training \/ mentoring programs.<\/span><\/li><li><span class=\"notranslate\">Provide content and graphics in the blog.<\/span><\/li><li><span class=\"notranslate\">Manage the list of blog subscribers and moderate comments.<\/span><\/li><\/ul><h2><span class=\"notranslate\">USERS AND OBLIGATIONS<\/span><\/h2><p><span class=\"notranslate\">These General Conditions regulate the use of the web pages belonging to desideriosolano.com.<\/span><span class=\"notranslate\">Access and use of this website attributes the condition of USER, accepting the terms of use and subject to the General Conditions in force at any time.<\/span>\u00a0<span class=\"notranslate\">Regarding the contents of this website, the USER is prohibited from:<\/span><\/p><ul><li><span class=\"notranslate\">Engage in illicit activities, illegal or contrary to good faith and public order.<\/span><\/li><li><span class=\"notranslate\">Disseminate content or propaganda of a racist, xenophobic, pornographic-illegal nature, advocating terrorism or attacking human rights.<\/span><\/li><li><span class=\"notranslate\">Cause damage to physical and logical systems of desideriosolano.com, its suppliers or third parties.<\/span><\/li><li><span class=\"notranslate\">Try to access and, where appropriate, use the accounts of other users or personal services and modify or manipulate their messages or content.<\/span><\/li><li><span class=\"notranslate\">Make any other use that in any way may damage, disable, overload or deteriorate the portal or services or prevent normal use or enjoyment of the portal or services by users.<\/span><\/li><\/ul><p><span class=\"notranslate\">DESIDERIO SOLANO SIN reserves the right to withdraw all comments and contributions that violate respect for the dignity of the person, that are discriminatory, xenophobic, racist, pornographic, that attempt against youth or childhood, order or public safety or that, in his opinion, they are not suitable for publication.<\/span>\u00a0<span class=\"notranslate\">In any case, DESIDERIO SOLANO SIN will not be responsible for the opinions expressed by the users through the forums or other forms of participation.<\/span><\/p><h2><span class=\"notranslate\">EXTERNAL LINKS<\/span><\/h2><p><span class=\"notranslate\">The pages that make up desideriosolano.com may provide links to other third-party websites.<\/span><span class=\"notranslate\">The purpose of these is to share content from others that are useful and interesting for USERS.<\/span><span class=\"notranslate\">This website is not responsible for the results that may derive from the user for accessing these links, although I always look for websites of maximum confidence and guarantees.<\/span>\u00a0<span class=\"notranslate\">The information provided on these websites is subject to the privacy policies used on these websites and not the privacy policy of desideriosolano.com.<\/span>\u00a0<span class=\"notranslate\">The establishment of the link does not imply in any case the existence of relations between DESIDERIO SOLANO SIN and the owner of the site where the link is established, nor the acceptance or approval by desideriosolano.com of its contents or services.<\/span><\/p><h2><span class=\"notranslate\">CONFLICT RESOLUTION PLATFORM<\/span><\/h2><p><span class=\"notranslate\">In case you are interested, I put at your disposal as a user the dispute resolution platform provided by the European Commission and which is available at the following link:\u00a0<a href=\"https:\/\/translate.googleusercontent.com\/translate_c?depth=1&amp;hl=es&amp;rurl=translate.google.es&amp;sl=es&amp;sp=nmt4&amp;tl=en&amp;u=http:\/\/ec.europa.eu\/consumers\/odr\/&amp;xid=17259,15700002,15700019,15700124,15700149,15700186,15700190,15700201,15700237,15700244&amp;usg=ALkJrhiDu6_oNQjJ1j1aqta7gWv1K8OKSw\" target=\"_blank\" rel=\"noopener\">http:\/\/ec.europa.eu\/consumers\/odr\/<\/a><\/span><\/p><h2><span class=\"notranslate\">EXCLUSION OF GUARANTEES AND RESPONSIBILITIES<\/span><\/h2><p><span class=\"notranslate\">DESIDERIO SOLANO SIN does not grant any guarantee nor is liable, in any case, for damages of any kind that could be caused by:<\/span><\/p><ul><li><span class=\"notranslate\">The lack of availability, maintenance and effective operation of the web or its services and contents.<\/span><\/li><li><span class=\"notranslate\">The existence of viruses, malicious or harmful programs in the contents.<\/span><\/li><li><span class=\"notranslate\">Illegal, negligent, fraudulent use or contrary to this Legal Notice.<\/span><\/li><li><span class=\"notranslate\">The lack of legality, quality, reliability, usefulness and availability of the services provided by third parties and made available to users on the website.<\/span><\/li><\/ul><h2><span class=\"notranslate\">MODIFICATIONS<\/span><\/h2><p><span class=\"notranslate\">DESIDERIO SOLANO SIN may modify the terms of this \u00abLegal Notice\u00bb in whole or in part, publishing any change in the same way as these conditions appear.<\/span>\u00a0<span class=\"notranslate\">The temporary validity of these conditions coincides, therefore, with the time of their exposure, until they are totally or partially modified, at which time the modified conditions will become valid.<\/span><\/p><h2><span class=\"notranslate\">CLAIMS<\/span><\/h2><p><span class=\"notranslate\">The user can make claims by requesting their claim form or by sending an email to talleressolano@gmail.com indicating their name and surnames, the product \/ service purchased and stating the reasons for their claim.<\/span>\u00a0<span class=\"notranslate\">You can also direct your claim by mail to: DESIDERIO SOLANO SIN, Avenida de la Estaci\u00f3n, 11 22300 Barbastro (Huesca), using, if you wish, the following claim form: Attention: DESIDERIO SOLANO SIN avenida de la Station, 11 22300 Barbastro (Huesca) Email: talleressolano@gmail.com<\/span><\/p><ul><li><span class=\"notranslate\">User name:<\/span><\/li><li><span class=\"notranslate\">Address of the user:<\/span><\/li><li><span class=\"notranslate\">Signature of the user (only if presented on paper):<\/span><\/li><li><span class=\"notranslate\">Date:<\/span><\/li><li><span class=\"notranslate\">Reason for claim:<\/span><\/li><\/ul><h2><span class=\"notranslate\">INTELLECTUAL AND INDUSTRIAL PROPERTY<\/span><\/h2><p><span class=\"notranslate\">Through the provisions of articles 8 and 32.1 of the Intellectual Property Law, the user is expressly prohibited from reproducing, transforming, distributing, publicly communicating, making available to the public, extracting, reusing, re-sending or using any kind of any means or procedure, of any of them, except in cases where it is legally permitted or authorized by the owner of the corresponding rights.<\/span>\u00a0<span class=\"notranslate\">The user knows and accepts that the entire website, containing the text, software, content (including structure, selection, arrangement and presentation of the same), audiovisual material and graphics, is protected by trademarks, copyrights, without being exhaustive. and other registered legitimate rights, in accordance with international treaties to which Spain is a party and other property rights and laws of Spain.<\/span>\u00a0<span class=\"notranslate\">In the event that a user or a third party considers that there has been a violation of their legitimate intellectual property rights by the introduction of certain content on the Web, you must notify this circumstance to DESIDERIO SOLANO SIN stating: Personal data of the interested owner of the rights allegedly infringed, or indicate the representation with which it acts in case the claim is presented by a third party other than the interested party.<\/span>\u00a0<span class=\"notranslate\">Indicate the contents protected by intellectual property rights and their location on the Web, the accreditation of the intellectual property rights indicated and express declaration in which the interested party is responsible for the veracity of the information provided in the notification.<\/span><\/p><h2><span class=\"notranslate\">APPLICABLE LAW AND JURIDISCTION<\/span><\/h2><p><span class=\"notranslate\">In general, the relations between desideriosolano.com and the Users of its telematic services, present on this website, are subject to Spanish legislation and jurisdiction and to the Courts of Alicante.<\/span><\/p><h2><span class=\"notranslate\">CONTACT<\/span><\/h2><p><span class=\"notranslate\">If you have any doubt in relation to this Legal Notice or any comment on the web desideriosolano.com you can go to talleressolano@gmail.com<\/span><\/p><\/div><\/div><\/div><\/div><\/div><\/div><\/div><\/div><\/section><\/div><\/div><\/div><\/div><\/article><\/div><\/div><\/div>\t\t\t\t\t\t\t\t<\/div>\n\t\t\t\t<\/div>\n\t\t\t\t\t<\/div>\n\t\t<\/div>\n\t\t\t\t\t<\/div>\n\t\t<\/section>\n\t\t\t\t<section class=\"elementor-section elementor-top-section elementor-element elementor-element-bbb7d23 elementor-hidden-desktop elementor-hidden-tablet elementor-hidden-phone elementor-section-boxed elementor-section-height-default elementor-section-height-default\" data-id=\"bbb7d23\" data-element_type=\"section\" data-e-type=\"section\">\n\t\t\t\t\t\t<div class=\"elementor-container elementor-column-gap-default\">\n\t\t\t\t\t<div class=\"elementor-column elementor-col-100 elementor-top-column elementor-element elementor-element-997f88e\" data-id=\"997f88e\" data-element_type=\"column\" data-e-type=\"column\">\n\t\t\t<div class=\"elementor-widget-wrap elementor-element-populated\">\n\t\t\t\t\t\t<div class=\"elementor-element elementor-element-7c382a3 elementor-widget elementor-widget-text-editor\" data-id=\"7c382a3\" data-element_type=\"widget\" data-e-type=\"widget\" data-widget_type=\"text-editor.default\">\n\t\t\t\t<div class=\"elementor-widget-container\">\n\t\t\t\t\t\t\t\t\t<p><strong>DE LA WEB ANTERIOR. NO SE MUESTRA<\/strong><\/p><div>El titular de este sitio web es DESIDERIO SOLANO SIN, con N.I.F. 18036726B, con domicilio en avenida de la Estaci\u00f3n, 11, con c\u00f3digo postal 22300 de Barbastro (Huesca).<\/div><div>\u00a0<\/div><div>El acceso al Site de DESIDERIO SOLANO SIN es gratuito. Todo el contenido es propiedad intelectual de DESIDERIO SOLANO SIN. Cualquier utilizaci\u00f3n de los mismos contraria a las normas en materia de propiedad intelectual ser\u00e1 perseguida con arreglo a la legislaci\u00f3n vigente.<\/div>\t\t\t\t\t\t\t\t<\/div>\n\t\t\t\t<\/div>\n\t\t\t\t\t<\/div>\n\t\t<\/div>\n\t\t\t\t\t<\/div>\n\t\t<\/section>\n\t\t\t\t<\/div>\n\t\t","protected":false},"excerpt":{"rendered":"<p>Legal warning If you have come this far, it is because you are interested in knowing who is behind this web.\u00a0I can guarantee that you are in a 100% safe space, complying with the duty of information included in article 10 of Law 34\/2002, of July 11, on Services of the Information Society and Electronic [&hellip;]<\/p>\n","protected":false},"author":1,"featured_media":0,"parent":0,"menu_order":0,"comment_status":"closed","ping_status":"closed","template":"","meta":{"ocean_post_layout":"","ocean_both_sidebars_style":"","ocean_both_sidebars_content_width":0,"ocean_both_sidebars_sidebars_width":0,"ocean_sidebar":"0","ocean_second_sidebar":"0","ocean_disable_margins":"enable","ocean_add_body_class":"","ocean_shortcode_before_top_bar":"","ocean_shortcode_after_top_bar":"","ocean_shortcode_before_header":"","ocean_shortcode_after_header":"","ocean_has_shortcode":"","ocean_shortcode_after_title":"","ocean_shortcode_before_footer_widgets":"","ocean_shortcode_after_footer_widgets":"","ocean_shortcode_before_footer_bottom":"","ocean_shortcode_after_footer_bottom":"","ocean_display_top_bar":"default","ocean_display_header":"default","ocean_header_style":"","ocean_center_header_left_menu":"0","ocean_custom_header_template":"0","ocean_custom_logo":0,"ocean_custom_retina_logo":0,"ocean_custom_logo_max_width":0,"ocean_custom_logo_tablet_max_width":0,"ocean_custom_logo_mobile_max_width":0,"ocean_custom_logo_max_height":0,"ocean_custom_logo_tablet_max_height":0,"ocean_custom_logo_mobile_max_height":0,"ocean_header_custom_menu":"0","ocean_menu_typo_font_family":"0","ocean_menu_typo_font_subset":"","ocean_menu_typo_font_size":0,"ocean_menu_typo_font_size_tablet":0,"ocean_menu_typo_font_size_mobile":0,"ocean_menu_typo_font_size_unit":"px","ocean_menu_typo_font_weight":"","ocean_menu_typo_font_weight_tablet":"","ocean_menu_typo_font_weight_mobile":"","ocean_menu_typo_transform":"","ocean_menu_typo_transform_tablet":"","ocean_menu_typo_transform_mobile":"","ocean_menu_typo_line_height":0,"ocean_menu_typo_line_height_tablet":0,"ocean_menu_typo_line_height_mobile":0,"ocean_menu_typo_line_height_unit":"","ocean_menu_typo_spacing":0,"ocean_menu_typo_spacing_tablet":0,"ocean_menu_typo_spacing_mobile":0,"ocean_menu_typo_spacing_unit":"","ocean_menu_link_color":"","ocean_menu_link_color_hover":"","ocean_menu_link_color_active":"","ocean_menu_link_background":"","ocean_menu_link_hover_background":"","ocean_menu_link_active_background":"","ocean_menu_social_links_bg":"","ocean_menu_social_hover_links_bg":"","ocean_menu_social_links_color":"","ocean_menu_social_hover_links_color":"","ocean_disable_title":"on","ocean_disable_heading":"default","ocean_post_title":"","ocean_post_subheading":"","ocean_post_title_style":"","ocean_post_title_background_color":"","ocean_post_title_background":0,"ocean_post_title_bg_image_position":"","ocean_post_title_bg_image_attachment":"","ocean_post_title_bg_image_repeat":"","ocean_post_title_bg_image_size":"","ocean_post_title_height":0,"ocean_post_title_bg_overlay":0.5,"ocean_post_title_bg_overlay_color":"","ocean_disable_breadcrumbs":"default","ocean_breadcrumbs_color":"","ocean_breadcrumbs_separator_color":"","ocean_breadcrumbs_links_color":"","ocean_breadcrumbs_links_hover_color":"","ocean_display_footer_widgets":"default","ocean_display_footer_bottom":"default","ocean_custom_footer_template":"0","footnotes":""},"class_list":["post-987","page","type-page","status-publish","hentry","entry"],"_links":{"self":[{"href":"https:\/\/desideriosolano.com\/en\/wp-json\/wp\/v2\/pages\/987","targetHints":{"allow":["GET"]}}],"collection":[{"href":"https:\/\/desideriosolano.com\/en\/wp-json\/wp\/v2\/pages"}],"about":[{"href":"https:\/\/desideriosolano.com\/en\/wp-json\/wp\/v2\/types\/page"}],"author":[{"embeddable":true,"href":"https:\/\/desideriosolano.com\/en\/wp-json\/wp\/v2\/users\/1"}],"replies":[{"embeddable":true,"href":"https:\/\/desideriosolano.com\/en\/wp-json\/wp\/v2\/comments?post=987"}],"version-history":[{"count":5,"href":"https:\/\/desideriosolano.com\/en\/wp-json\/wp\/v2\/pages\/987\/revisions"}],"predecessor-version":[{"id":1062,"href":"https:\/\/desideriosolano.com\/en\/wp-json\/wp\/v2\/pages\/987\/revisions\/1062"}],"wp:attachment":[{"href":"https:\/\/desideriosolano.com\/en\/wp-json\/wp\/v2\/media?parent=987"}],"curies":[{"name":"wp","href":"https:\/\/api.w.org\/{rel}","templated":true}]}}