{"id":1032,"date":"2018-11-29T00:48:43","date_gmt":"2018-11-29T00:48:43","guid":{"rendered":"https:\/\/desideriosolano.com\/?page_id=1032"},"modified":"2018-11-30T13:43:28","modified_gmt":"2018-11-30T13:43:28","slug":"feader","status":"publish","type":"page","link":"https:\/\/desideriosolano.com\/en\/feader\/","title":{"rendered":"FEADER"},"content":{"rendered":"\t\t<div data-elementor-type=\"wp-post\" data-elementor-id=\"1032\" class=\"elementor elementor-1032 elementor-bc-flex-widget\" data-elementor-post-type=\"page\">\n\t\t\t\t\t\t<section class=\"elementor-section elementor-top-section elementor-element elementor-element-d4a03e9 elementor-section-boxed elementor-section-height-default elementor-section-height-default\" data-id=\"d4a03e9\" data-element_type=\"section\" data-e-type=\"section\">\n\t\t\t\t\t\t<div class=\"elementor-container elementor-column-gap-default\">\n\t\t\t\t\t<div class=\"elementor-column elementor-col-100 elementor-top-column elementor-element elementor-element-3b50832\" data-id=\"3b50832\" data-element_type=\"column\" data-e-type=\"column\">\n\t\t\t<div class=\"elementor-widget-wrap elementor-element-populated\">\n\t\t\t\t\t\t<div class=\"elementor-element elementor-element-cb777a3 elementor-widget elementor-widget-heading\" data-id=\"cb777a3\" data-element_type=\"widget\" data-e-type=\"widget\" data-widget_type=\"heading.default\">\n\t\t\t\t<div class=\"elementor-widget-container\">\n\t\t\t\t\t<h2 class=\"elementor-heading-title elementor-size-default\">FEADER<\/h2>\t\t\t\t<\/div>\n\t\t\t\t<\/div>\n\t\t\t\t<div class=\"elementor-element elementor-element-157926f elementor-widget-divider--view-line elementor-widget elementor-widget-divider\" data-id=\"157926f\" data-element_type=\"widget\" data-e-type=\"widget\" data-widget_type=\"divider.default\">\n\t\t\t\t<div class=\"elementor-widget-container\">\n\t\t\t\t\t\t\t<div class=\"elementor-divider\">\n\t\t\t<span class=\"elementor-divider-separator\">\n\t\t\t\t\t\t<\/span>\n\t\t<\/div>\n\t\t\t\t\t\t<\/div>\n\t\t\t\t<\/div>\n\t\t\t\t<div class=\"elementor-element elementor-element-e8cebb0 elementor-widget elementor-widget-text-editor\" data-id=\"e8cebb0\" data-element_type=\"widget\" data-e-type=\"widget\" data-widget_type=\"text-editor.default\">\n\t\t\t\t<div class=\"elementor-widget-container\">\n\t\t\t\t\t\t\t\t\t<p>The EAFRD grants or grants from the European Agricultural Fund for Rural Development are <strong>Community subsidies<\/strong> in the form of grants for rural development. These subsidies aim to improve not only living conditions and the competitiveness of agricultural activities in the rural environment, but also to maintain respect for the environment, as well as to diversify economic options in rural areas.<\/p>\t\t\t\t\t\t\t\t<\/div>\n\t\t\t\t<\/div>\n\t\t\t\t<div class=\"elementor-element elementor-element-d888421 elementor-widget elementor-widget-image\" data-id=\"d888421\" data-element_type=\"widget\" data-e-type=\"widget\" data-widget_type=\"image.default\">\n\t\t\t\t<div class=\"elementor-widget-container\">\n\t\t\t\t\t\t\t\t\t\t\t\t\t\t\t<img fetchpriority=\"high\" decoding=\"async\" width=\"300\" height=\"300\" src=\"https:\/\/desideriosolano.com\/en\/wp-content\/uploads\/sites\/3\/feader.jpg\" class=\"attachment-large size-large wp-image-1035\" alt=\"\" srcset=\"https:\/\/desideriosolano.com\/en\/wp-content\/uploads\/sites\/3\/feader.jpg 300w, https:\/\/desideriosolano.com\/en\/wp-content\/uploads\/sites\/3\/feader-150x150.jpg 150w\" sizes=\"(max-width: 300px) 100vw, 300px\" \/>\t\t\t\t\t\t\t\t\t\t\t\t\t\t\t<\/div>\n\t\t\t\t<\/div>\n\t\t\t\t\t<\/div>\n\t\t<\/div>\n\t\t\t\t\t<\/div>\n\t\t<\/section>\n\t\t\t\t<section class=\"elementor-section elementor-top-section elementor-element elementor-element-21b31cfa elementor-section-boxed elementor-section-height-default elementor-section-height-default\" data-id=\"21b31cfa\" data-element_type=\"section\" data-e-type=\"section\">\n\t\t\t\t\t\t<div class=\"elementor-container elementor-column-gap-default\">\n\t\t\t\t\t<div class=\"elementor-column elementor-col-100 elementor-top-column elementor-element elementor-element-cc1768a\" data-id=\"cc1768a\" data-element_type=\"column\" data-e-type=\"column\">\n\t\t\t<div class=\"elementor-widget-wrap elementor-element-populated\">\n\t\t\t\t\t\t<div class=\"elementor-element elementor-element-80ab07 elementor-widget elementor-widget-text-editor\" data-id=\"80ab07\" data-element_type=\"widget\" data-e-type=\"widget\" data-widget_type=\"text-editor.default\">\n\t\t\t\t<div class=\"elementor-widget-container\">\n\t\t\t\t\t\t\t\t\t<h2><span class=\"notranslate\"><strong>The FEADER funds<\/strong><\/span><\/h2><p><span class=\"notranslate\">The EAFRD promotes sustainable rural development throughout the European Union and acts as a complement to the common livestock and fisheries policy and to the cohesion between agricultural policies as a fundamental point of its philosophy.<\/span>\u00a0<span class=\"notranslate\">It seeks to contribute to the achievement of a more balanced agricultural development in the European Union, from a territorial and environmental point of view, as well as more respectful of the climate and resistant to the changes that have taken place in this field in recent years.<\/span>\u00a0<span class=\"notranslate\">All this will lead to a more competitive and innovative sector, which will result in an economic development of rural territories throughout the European Union, which will be able to face the challenges of all kinds that appear in this field of action in the current times.<\/span><\/p><h2><span class=\"notranslate\"><strong>What do EAFRD supports look for?<\/strong><\/span><\/h2><p><span class=\"notranslate\">3 are the\u00a0<strong>fundamental axes<\/strong>\u00a0that aim to articulate the EAFRD aid.<\/span>\u00a0<span class=\"notranslate\">Take note.<\/span>\u00a0<span class=\"notranslate\">The first one is to increase the competitiveness of the agricultural and agro-industrial sector.<\/span>\u00a0<span class=\"notranslate\">In this case, actions are pursued such as improving the competitiveness and adaptability of farms in this sector, promoting cooperation in this sector, improving infrastructures and equipment or promoting products and services.<\/span><\/p><p><span class=\"notranslate\">The second axis consists in supporting the economic diversification of the rural regions (which goes through the tourism and services companies, in general) and small corporations, the improvement of basic services and infrastructures and, finally, the promotion of cooperation in these regions.<\/span><\/p><p><span class=\"notranslate\">Lastly, the EAFRD grants seek an improvement in the quality of life of the inhabitants of rural areas, which is to be achieved through the training and training of these, the promotion of social integrity, support for equal opportunities and the conservation and modernization of the territory. By means of a double intention that can perfectly summarize the philosophy of the FEADER funds: to maintain the traditional lifestyles without renouncing a dynamism according to the new times.<\/span><\/p><p><span class=\"notranslate\">In short, the EAFRD beneficiary projects must combine\u00a0<strong>different approaches, covering environmental aspects, sustainability, equality of gender opportunities and youth labor insertion,<\/strong>\u00a0in order to engage the inhabitants of rural areas in activities sustainable that can represent a viable economic solution to rural depopulation, labor equitable between men and women.<\/span>\u00a0<span class=\"notranslate\">Meanwhile, it contributes to reduce environmental losses, fight against climate change and enhance the possibilities of agricultural means.<\/span><\/p>\t\t\t\t\t\t\t\t<\/div>\n\t\t\t\t<\/div>\n\t\t\t\t\t<\/div>\n\t\t<\/div>\n\t\t\t\t\t<\/div>\n\t\t<\/section>\n\t\t\t\t<section class=\"elementor-section elementor-top-section elementor-element elementor-element-bbb7d23 elementor-hidden-desktop elementor-hidden-tablet elementor-hidden-phone elementor-section-boxed elementor-section-height-default elementor-section-height-default\" data-id=\"bbb7d23\" data-element_type=\"section\" data-e-type=\"section\">\n\t\t\t\t\t\t<div class=\"elementor-container elementor-column-gap-default\">\n\t\t\t\t\t<div class=\"elementor-column elementor-col-100 elementor-top-column elementor-element elementor-element-997f88e\" data-id=\"997f88e\" data-element_type=\"column\" data-e-type=\"column\">\n\t\t\t<div class=\"elementor-widget-wrap elementor-element-populated\">\n\t\t\t\t\t\t<div class=\"elementor-element elementor-element-7c382a3 elementor-widget elementor-widget-text-editor\" data-id=\"7c382a3\" data-element_type=\"widget\" data-e-type=\"widget\" data-widget_type=\"text-editor.default\">\n\t\t\t\t<div class=\"elementor-widget-container\">\n\t\t\t\t\t\t\t\t\t<p><strong>DE LA WEB ANTERIOR. NO SE MUESTRA<\/strong><\/p><div>El titular de este sitio web es DESIDERIO SOLANO SIN, con N.I.F. 18036726B, con domicilio en avenida de la Estaci\u00f3n, 11, con c\u00f3digo postal 22300 de Barbastro (Huesca).<\/div><div>\u00a0<\/div><div>El acceso al Site de DESIDERIO SOLANO SIN es gratuito. Todo el contenido es propiedad intelectual de DESIDERIO SOLANO SIN. Cualquier utilizaci\u00f3n de los mismos contraria a las normas en materia de propiedad intelectual ser\u00e1 perseguida con arreglo a la legislaci\u00f3n vigente.<\/div>\t\t\t\t\t\t\t\t<\/div>\n\t\t\t\t<\/div>\n\t\t\t\t\t<\/div>\n\t\t<\/div>\n\t\t\t\t\t<\/div>\n\t\t<\/section>\n\t\t\t\t<\/div>\n\t\t","protected":false},"excerpt":{"rendered":"<p>FEADER The EAFRD grants or grants from the European Agricultural Fund for Rural Development are Community subsidies in the form of grants for rural development. These subsidies aim to improve not only living conditions and the competitiveness of agricultural activities in the rural environment, but also to maintain respect for the environment, as well as [&hellip;]<\/p>\n","protected":false},"author":1,"featured_media":0,"parent":0,"menu_order":0,"comment_status":"closed","ping_status":"closed","template":"","meta":{"ocean_post_layout":"","ocean_both_sidebars_style":"","ocean_both_sidebars_content_width":0,"ocean_both_sidebars_sidebars_width":0,"ocean_sidebar":"0","ocean_second_sidebar":"0","ocean_disable_margins":"enable","ocean_add_body_class":"","ocean_shortcode_before_top_bar":"","ocean_shortcode_after_top_bar":"","ocean_shortcode_before_header":"","ocean_shortcode_after_header":"","ocean_has_shortcode":"","ocean_shortcode_after_title":"","ocean_shortcode_before_footer_widgets":"","ocean_shortcode_after_footer_widgets":"","ocean_shortcode_before_footer_bottom":"","ocean_shortcode_after_footer_bottom":"","ocean_display_top_bar":"default","ocean_display_header":"default","ocean_header_style":"","ocean_center_header_left_menu":"0","ocean_custom_header_template":"0","ocean_custom_logo":0,"ocean_custom_retina_logo":0,"ocean_custom_logo_max_width":0,"ocean_custom_logo_tablet_max_width":0,"ocean_custom_logo_mobile_max_width":0,"ocean_custom_logo_max_height":0,"ocean_custom_logo_tablet_max_height":0,"ocean_custom_logo_mobile_max_height":0,"ocean_header_custom_menu":"0","ocean_menu_typo_font_family":"0","ocean_menu_typo_font_subset":"","ocean_menu_typo_font_size":0,"ocean_menu_typo_font_size_tablet":0,"ocean_menu_typo_font_size_mobile":0,"ocean_menu_typo_font_size_unit":"px","ocean_menu_typo_font_weight":"","ocean_menu_typo_font_weight_tablet":"","ocean_menu_typo_font_weight_mobile":"","ocean_menu_typo_transform":"","ocean_menu_typo_transform_tablet":"","ocean_menu_typo_transform_mobile":"","ocean_menu_typo_line_height":0,"ocean_menu_typo_line_height_tablet":0,"ocean_menu_typo_line_height_mobile":0,"ocean_menu_typo_line_height_unit":"","ocean_menu_typo_spacing":0,"ocean_menu_typo_spacing_tablet":0,"ocean_menu_typo_spacing_mobile":0,"ocean_menu_typo_spacing_unit":"","ocean_menu_link_color":"","ocean_menu_link_color_hover":"","ocean_menu_link_color_active":"","ocean_menu_link_background":"","ocean_menu_link_hover_background":"","ocean_menu_link_active_background":"","ocean_menu_social_links_bg":"","ocean_menu_social_hover_links_bg":"","ocean_menu_social_links_color":"","ocean_menu_social_hover_links_color":"","ocean_disable_title":"on","ocean_disable_heading":"default","ocean_post_title":"","ocean_post_subheading":"","ocean_post_title_style":"","ocean_post_title_background_color":"","ocean_post_title_background":0,"ocean_post_title_bg_image_position":"","ocean_post_title_bg_image_attachment":"","ocean_post_title_bg_image_repeat":"","ocean_post_title_bg_image_size":"","ocean_post_title_height":0,"ocean_post_title_bg_overlay":0.5,"ocean_post_title_bg_overlay_color":"","ocean_disable_breadcrumbs":"default","ocean_breadcrumbs_color":"","ocean_breadcrumbs_separator_color":"","ocean_breadcrumbs_links_color":"","ocean_breadcrumbs_links_hover_color":"","ocean_display_footer_widgets":"default","ocean_display_footer_bottom":"default","ocean_custom_footer_template":"0","footnotes":""},"class_list":["post-1032","page","type-page","status-publish","hentry","entry"],"_links":{"self":[{"href":"https:\/\/desideriosolano.com\/en\/wp-json\/wp\/v2\/pages\/1032","targetHints":{"allow":["GET"]}}],"collection":[{"href":"https:\/\/desideriosolano.com\/en\/wp-json\/wp\/v2\/pages"}],"about":[{"href":"https:\/\/desideriosolano.com\/en\/wp-json\/wp\/v2\/types\/page"}],"author":[{"embeddable":true,"href":"https:\/\/desideriosolano.com\/en\/wp-json\/wp\/v2\/users\/1"}],"replies":[{"embeddable":true,"href":"https:\/\/desideriosolano.com\/en\/wp-json\/wp\/v2\/comments?post=1032"}],"version-history":[{"count":4,"href":"https:\/\/desideriosolano.com\/en\/wp-json\/wp\/v2\/pages\/1032\/revisions"}],"predecessor-version":[{"id":1073,"href":"https:\/\/desideriosolano.com\/en\/wp-json\/wp\/v2\/pages\/1032\/revisions\/1073"}],"wp:attachment":[{"href":"https:\/\/desideriosolano.com\/en\/wp-json\/wp\/v2\/media?parent=1032"}],"curies":[{"name":"wp","href":"https:\/\/api.w.org\/{rel}","templated":true}]}}